{"id":8411,"date":"2025-11-25T14:03:01","date_gmt":"2025-11-25T11:03:01","guid":{"rendered":"https:\/\/sporyonetimi.avrasya.edu.tr\/?page_id=8411"},"modified":"2025-11-25T14:03:02","modified_gmt":"2025-11-25T11:03:02","slug":"program-ogrenim-ciktilari","status":"publish","type":"page","link":"https:\/\/sporyonetimi.avrasya.edu.tr\/?page_id=8411","title":{"rendered":"Program \u00d6\u011frenim \u00c7\u0131kt\u0131lar\u0131"},"content":{"rendered":"","protected":false},"excerpt":{"rendered":"","protected":false},"author":1,"featured_media":0,"parent":0,"menu_order":0,"comment_status":"closed","ping_status":"closed","template":"","meta":{"footnotes":""},"class_list":["post-8411","page","type-page","status-publish","hentry"],"_links":{"self":[{"href":"https:\/\/sporyonetimi.avrasya.edu.tr\/index.php?rest_route=\/wp\/v2\/pages\/8411","targetHints":{"allow":["GET"]}}],"collection":[{"href":"https:\/\/sporyonetimi.avrasya.edu.tr\/index.php?rest_route=\/wp\/v2\/pages"}],"about":[{"href":"https:\/\/sporyonetimi.avrasya.edu.tr\/index.php?rest_route=\/wp\/v2\/types\/page"}],"author":[{"embeddable":true,"href":"https:\/\/sporyonetimi.avrasya.edu.tr\/index.php?rest_route=\/wp\/v2\/users\/1"}],"replies":[{"embeddable":true,"href":"https:\/\/sporyonetimi.avrasya.edu.tr\/index.php?rest_route=%2Fwp%2Fv2%2Fcomments&post=8411"}],"version-history":[{"count":2,"href":"https:\/\/sporyonetimi.avrasya.edu.tr\/index.php?rest_route=\/wp\/v2\/pages\/8411\/revisions"}],"predecessor-version":[{"id":8413,"href":"https:\/\/sporyonetimi.avrasya.edu.tr\/index.php?rest_route=\/wp\/v2\/pages\/8411\/revisions\/8413"}],"wp:attachment":[{"href":"https:\/\/sporyonetimi.avrasya.edu.tr\/index.php?rest_route=%2Fwp%2Fv2%2Fmedia&parent=8411"}],"curies":[{"name":"wp","href":"https:\/\/api.w.org\/{rel}","templated":true}]}}